{"id":4544,"date":"2022-05-19T16:00:02","date_gmt":"2022-05-19T14:00:02","guid":{"rendered":"https:\/\/solophotomedia.at\/?page_id=4544"},"modified":"2022-05-19T16:05:19","modified_gmt":"2022-05-19T14:05:19","slug":"google-formular","status":"publish","type":"page","link":"https:\/\/solophotomedia.at\/en\/google-formular\/","title":{"rendered":"Formular Google"},"content":{"rendered":"<p>[et_pb_section fb_built=&#8220;1&#8243; _builder_version=&#8220;4.16&#8243; _module_preset=&#8220;default&#8220; custom_padding=&#8220;0px||0px|||&#8220; global_colors_info=&#8220;{}&#8220;][et_pb_row _builder_version=&#8220;4.16&#8243; _module_preset=&#8220;default&#8220; global_colors_info=&#8220;{}&#8220;][et_pb_column type=&#8220;4_4&#8243; _builder_version=&#8220;4.16&#8243; _module_preset=&#8220;default&#8220; global_colors_info=&#8220;{}&#8220;][et_pb_divider color=&#8220;#F89C51&#8243; divider_weight=&#8220;16px&#8220; _builder_version=&#8220;4.16&#8243; max_width=&#8220;48px&#8220; locked=&#8220;off&#8220; global_colors_info=&#8220;{}&#8220;][\/et_pb_divider][et_pb_text _builder_version=&#8220;4.16&#8243; text_font=&#8220;||||||||&#8220; text_line_height=&#8220;2em&#8220; link_font=&#8220;||||on|||#F89C51|&#8220; header_font=&#8220;Poppins|600||||||#F89C51|&#8220; header_font_size=&#8220;39px&#8220; header_line_height=&#8220;1.3em&#8220; header_font_size_tablet=&#8220;30px&#8220; header_font_size_phone=&#8220;24px&#8220; header_font_size_last_edited=&#8220;on|phone&#8220; locked=&#8220;off&#8220; global_colors_info=&#8220;{}&#8220;]<\/p>\n<h1>Schritt 3: Formular ausf\u00fcllen \u270d\ufe0f<\/h1>\n<p>[\/et_pb_text][\/et_pb_column][\/et_pb_row][\/et_pb_section][et_pb_section fb_built=&#8220;1&#8243; _builder_version=&#8220;4.16&#8243; _module_preset=&#8220;default&#8220; custom_padding=&#8220;0px||0px|||&#8220; global_colors_info=&#8220;{}&#8220;][et_pb_row _builder_version=&#8220;4.16&#8243; _module_preset=&#8220;default&#8220; global_colors_info=&#8220;{}&#8220;][et_pb_column type=&#8220;4_4&#8243; _builder_version=&#8220;4.16&#8243; _module_preset=&#8220;default&#8220; global_colors_info=&#8220;{}&#8220;][et_pb_text _builder_version=&#8220;4.16&#8243; text_font=&#8220;||||||||&#8220; text_text_color=&#8220;#000000&#8243; text_font_size=&#8220;18px&#8220; text_line_height=&#8220;2em&#8220; header_font=&#8220;Poppins|600|||||||&#8220; header_font_size=&#8220;40px&#8220; header_line_height=&#8220;1.3em&#8220; text_font_size_tablet=&#8220;16px&#8220; text_font_size_phone=&#8220;14px&#8220; text_font_size_last_edited=&#8220;on|phone&#8220; text_orientation_tablet=&#8220;&#8220; text_orientation_phone=&#8220;center&#8220; text_orientation_last_edited=&#8220;on|phone&#8220; locked=&#8220;off&#8220; global_colors_info=&#8220;{}&#8220;]<\/p>\n<p><b>Zwei Gr\u00fcnde machen dieses Formular so fantastisch:<\/b><\/p>\n<p>1. <strong>Logos, Content &amp; andere Materialien<\/strong> werden hierdurch an uns \u00fcbermittelt und k\u00f6nnen so gleich <strong>optimal organisiert<\/strong> und <strong>abgelegt<\/strong> werden.<b><\/b><\/p>\n<p>2. Alle <strong>notwendigen Daten<\/strong> werden <strong>sicher<\/strong> an uns gesendet, sodass kein Passwort im <strong>Emailverkehr<\/strong> untergeht oder Opfer eines <strong>Datenlecks<\/strong> wird. Au\u00dferdem lieferst Du uns im besten Fall <strong>detailreiche Beschreibungen<\/strong> \u00fcber deine <strong>idealen<\/strong> as well as <strong>Horror<\/strong>&#8211;<strong>Kunden<\/strong>, damit wir von Anfang an das <strong>Targeting<\/strong> so <strong>pr\u00e4zise &amp; effektiv<\/strong>\u00a0wie m\u00f6glich aufsetzen k\u00f6nnen.<\/p>\n<p>All in All <strong>ersparen<\/strong> wir uns mit diesem Formular <strong>zig Emails<\/strong> und einiges an <strong>Zeit<\/strong>, deshalb&#8230;<strong> danke Formular \ud83d\ude42<\/strong><\/p>\n<p><strong>Beachte<\/strong>: Vervollst\u00e4ndige dieses Formular bitte <strong>ohne Unterbrechungen<\/strong>\u00a0(<strong>Zwischenspeicherungen<\/strong> finden <strong>nicht<\/strong> <strong>statt)<\/strong>\u00a0&amp; vergiss es am <strong>Ende<\/strong> nicht <strong>abzusenden<\/strong>.<strong><\/strong><\/p>\n<p><b><\/b><\/p>\n<p>[\/et_pb_text][\/et_pb_column][\/et_pb_row][\/et_pb_section][et_pb_section fb_built=&#8220;1&#8243; _builder_version=&#8220;4.16&#8243; _module_preset=&#8220;default&#8220; custom_padding=&#8220;0px|||||&#8220; global_colors_info=&#8220;{}&#8220;][et_pb_row _builder_version=&#8220;4.16&#8243; _module_preset=&#8220;default&#8220; border_color_bottom=&#8220;#000000&#8243; global_colors_info=&#8220;{}&#8220;][et_pb_column type=&#8220;4_4&#8243; _builder_version=&#8220;4.16&#8243; _module_preset=&#8220;default&#8220; global_colors_info=&#8220;{}&#8220;][et_pb_text _builder_version=&#8220;4.17.1&#8243; text_font=&#8220;||||||||&#8220; text_text_color=&#8220;#000000&#8243; text_font_size=&#8220;29px&#8220; text_line_height=&#8220;2em&#8220; link_text_color=&#8220;#F89C51&#8243; header_font=&#8220;Poppins|600|||||||&#8220; header_font_size=&#8220;40px&#8220; header_line_height=&#8220;1.3em&#8220; text_orientation=&#8220;center&#8220; hover_enabled=&#8220;0&#8243; text_font_size_tablet=&#8220;16px&#8220; text_font_size_phone=&#8220;14px&#8220; text_font_size_last_edited=&#8220;on|phone&#8220; text_orientation_tablet=&#8220;&#8220; text_orientation_phone=&#8220;center&#8220; text_orientation_last_edited=&#8220;on|phone&#8220; locked=&#8220;off&#8220; global_colors_info=&#8220;{}&#8220; sticky_enabled=&#8220;0&#8243;]<\/p>\n<p><b>Klicke <a href=\"https:\/\/docs.google.com\/forms\/d\/e\/1FAIpQLScYJJsfxS7lQJ7M294baiH--SUCPHKvDh32irIQwRlCOha8sg\/viewform?usp=sf_link\" target=\"_blank\" rel=\"noopener\">HIER<\/a>, um das Formular auszuf\u00fcllen.<\/b><\/p>\n<p>[\/et_pb_text][\/et_pb_column][\/et_pb_row][et_pb_row _builder_version=&#8220;4.16&#8243; _module_preset=&#8220;default&#8220; global_colors_info=&#8220;{}&#8220;][et_pb_column type=&#8220;4_4&#8243; _builder_version=&#8220;4.16&#8243; _module_preset=&#8220;default&#8220; global_colors_info=&#8220;{}&#8220;][et_pb_button button_url=&#8220;\/call-vereinbaren&#8220; button_text=&#8220;Zum n\u00e4chsten Schritt&#8220; button_alignment=&#8220;center&#8220; _builder_version=&#8220;4.16&#8243; custom_button=&#8220;on&#8220; button_text_size=&#8220;12px&#8220; button_text_color=&#8220;#FFFFFF&#8220; button_bg_color=&#8220;#F89C51&#8243; button_border_width=&#8220;0px&#8220; button_border_radius=&#8220;100px&#8220; button_letter_spacing=&#8220;1px&#8220; button_font=&#8220;Poppins|600||on|||||&#8220; button_icon=&#8220;&#xe046;||divi||400&#8243; button_on_hover=&#8220;off&#8220; custom_padding=&#8220;14px|58px|14px|40px|true|false&#8220; box_shadow_style=&#8220;preset3&#8243; box_shadow_vertical=&#8220;30px&#8220; box_shadow_blur=&#8220;40px&#8220; box_shadow_spread=&#8220;-16px&#8220; box_shadow_color=&#8220;rgba(28,165,255,0.24)&#8220; locked=&#8220;off&#8220; global_colors_info=&#8220;{}&#8220;][\/et_pb_button][\/et_pb_column][\/et_pb_row][\/et_pb_section]<\/p>","protected":false},"excerpt":{"rendered":"<p>Schritt 3: Formular ausf\u00fcllen \u270d\ufe0fZwei Gr\u00fcnde machen dieses Formular so fantastisch: 1. Logos, Content &amp; andere Materialien werden hierdurch an uns \u00fcbermittelt und k\u00f6nnen so gleich optimal organisiert und abgelegt werden. 2. Alle notwendigen Daten werden sicher an uns gesendet, sodass kein Passwort im Emailverkehr untergeht oder Opfer eines Datenlecks wird. Au\u00dferdem lieferst Du uns [&hellip;]<\/p>","protected":false},"author":1,"featured_media":0,"parent":0,"menu_order":0,"comment_status":"closed","ping_status":"closed","template":"","meta":{"_et_pb_use_builder":"on","_et_pb_old_content":"","_et_gb_content_width":"","_monsterinsights_skip_tracking":false,"_monsterinsights_sitenote_active":false,"_monsterinsights_sitenote_note":"","_monsterinsights_sitenote_category":0,"footnotes":""},"class_list":["post-4544","page","type-page","status-publish","hentry"],"_links":{"self":[{"href":"https:\/\/solophotomedia.at\/en\/wp-json\/wp\/v2\/pages\/4544","targetHints":{"allow":["GET"]}}],"collection":[{"href":"https:\/\/solophotomedia.at\/en\/wp-json\/wp\/v2\/pages"}],"about":[{"href":"https:\/\/solophotomedia.at\/en\/wp-json\/wp\/v2\/types\/page"}],"author":[{"embeddable":true,"href":"https:\/\/solophotomedia.at\/en\/wp-json\/wp\/v2\/users\/1"}],"replies":[{"embeddable":true,"href":"https:\/\/solophotomedia.at\/en\/wp-json\/wp\/v2\/comments?post=4544"}],"version-history":[{"count":0,"href":"https:\/\/solophotomedia.at\/en\/wp-json\/wp\/v2\/pages\/4544\/revisions"}],"wp:attachment":[{"href":"https:\/\/solophotomedia.at\/en\/wp-json\/wp\/v2\/media?parent=4544"}],"curies":[{"name":"wp","href":"https:\/\/api.w.org\/{rel}","templated":true}]}}