{"id":4258,"date":"2021-03-29T22:29:24","date_gmt":"2021-03-29T20:29:24","guid":{"rendered":"https:\/\/solophotomedia.at\/?page_id=4258"},"modified":"2022-02-15T18:36:19","modified_gmt":"2022-02-15T17:36:19","slug":"impressum","status":"publish","type":"page","link":"https:\/\/solophotomedia.at\/en\/impressum\/","title":{"rendered":"Imprint"},"content":{"rendered":"[et_pb_section fb_built=&#8220;1&#8243; admin_label=&#8220;Header&#8220; _builder_version=&#8220;3.22&#8243;][et_pb_row column_structure=&#8220;1_2,1_2&#8243; custom_padding_last_edited=&#8220;on|phone&#8220; _builder_version=&#8220;4.8.1&#8243; custom_padding_tablet=&#8220;&#8220; custom_padding_phone=&#8220;||0px||false|false&#8220; locked=&#8220;off&#8220;][et_pb_column type=&#8220;1_2&#8243; saved_specialty_column_type=&#8220;1_2&#8243; _builder_version=&#8220;3.25&#8243; custom_padding=&#8220;|||&#8220; parallax__hover=&#8220;off&#8220; parallax_method__hover=&#8220;on&#8220; custom_padding__hover=&#8220;|||&#8220;][et_pb_divider color=&#8220;#F89C51&#8243; divider_weight=&#8220;16px&#8220; _builder_version=&#8220;4.8.1&#8243; max_width=&#8220;48px&#8220; locked=&#8220;off&#8220;][\/et_pb_divider][et_pb_text _builder_version=&#8220;4.9.1&#8243; text_font=&#8220;||||||||&#8220; text_line_height=&#8220;2em&#8220; header_font=&#8220;Poppins|600|||||||&#8220; header_font_size=&#8220;43px&#8220; header_line_height=&#8220;1.3em&#8220; header_font_size_tablet=&#8220;30px&#8220; header_font_size_phone=&#8220;24px&#8220; header_font_size_last_edited=&#8220;on|desktop&#8220;]<h1>Imprint<\/h1>[\/et_pb_text][\/et_pb_column][et_pb_column type=&#8220;1_2&#8243; saved_specialty_column_type=&#8220;1_2&#8243; _builder_version=&#8220;3.25&#8243; custom_padding=&#8220;|||&#8220; parallax__hover=&#8220;off&#8220; parallax_method__hover=&#8220;on&#8220; custom_padding__hover=&#8220;|||&#8220;][\/et_pb_column][\/et_pb_row][\/et_pb_section][et_pb_section fb_built=&#8220;1&#8243; _builder_version=&#8220;4.8.1&#8243; _module_preset=&#8220;default&#8220;][et_pb_row _builder_version=&#8220;4.8.1&#8243; _module_preset=&#8220;default&#8220;][et_pb_column type=&#8220;4_4&#8243; _builder_version=&#8220;4.8.1&#8243; _module_preset=&#8220;default&#8220;][et_pb_text _builder_version=&#8220;4.9.7&#8243; text_font=&#8220;||||||||&#8220; text_font_size=&#8220;18px&#8220; text_line_height=&#8220;2em&#8220; link_font=&#8220;|600|||||||&#8220; link_text_color=&#8220;#F89C51&#8243; header_font=&#8220;Poppins|600|||||||&#8220; header_font_size=&#8220;40px&#8220; header_line_height=&#8220;1.3em&#8220; hover_enabled=&#8220;0&#8243; text_font_size_tablet=&#8220;16px&#8220; text_font_size_phone=&#8220;14px&#8220; text_font_size_last_edited=&#8220;on|phone&#8220; locked=&#8220;off&#8220; sticky_enabled=&#8220;0&#8243;]<h1 class=\"adsimple-121630355\"><\/h1>\n<p class=\"adsimple-121630355\">Pascal Sohler<\/p>\n<p class=\"adsimple-121630355\">Untere Gosta 186,<br \/>6793 Gaschurn,<br \/>\u00d6sterreich<\/p>\n<p class=\"adsimple-121630355\">Unternehmensgegenstand: Werbeagentur<\/p>\n<p class=\"adsimple-121630355\">Umsatzsteuer-Identifikationsnummer: ATU77147357<\/p>\n<p class=\"adsimple-121630355\"><strong>Tel.:<\/strong> +43 664 9277152<br \/><strong>E-Mail:<\/strong> <a href=\"mailto:info@solophotomedia.at\">info@solophotomedia.at<\/a><\/p>\n<p class=\"adsimple-121630355\">Mitgliedschaft bei der Wirtschaftkammerorganisation: Mitglied der Wirtschaftskammer Vorarlberg, Fachgruppe Werbung und Marktkommunikation<\/p>\n<p class=\"adsimple-121630355\">Berufsrechtliche Vorschriften: Gewerbeordnung www.ris.nka.gv.at<\/p>\n<p class=\"adsimple-121630355\">Aufsichtsbeh\u00f6rde\/Gewerbebeh\u00f6rde: Bezirkshauptmannschaft Bludenz<\/p>\n<p class=\"adsimple-121630355\">Berufsbezeichnung, Verleihungsstaat: Werbeagentur, \u00d6sterreich<\/p>\n<p class=\"adsimple-121630355\">Angaben zur Online-Streitbeilegung: Verbraucher haben die M\u00f6glichkeit,<br \/>Beschwerden an die Online-Streitbeilegungsplattform der EU zu richten:<br \/><a href=\"http:\/\/ec.europa.eu\/odr\" target=\"_blank\" rel=\"noopener\">http:\/\/ec.europa.eu\/odr<\/a>. Pascal Sohler nimmt jedoch nicht daran teil.<br \/>Sie k\u00f6nnen allf\u00e4llige Beschwerde auch an die<br \/>oben angegebene E-Mail-Adresse richten.<\/p>\n<p>&nbsp;<\/p>\n<p>Trotz der sorgf\u00e4ltigen inhaltlichen Kontrolle der Inhalte externer Links \u00fcbernehmen wir keine Haftung f\u00fcr die Inhalte externer Links. Ausschlie\u00dflich der Betreiber der verlinkten Seite ist f\u00fcr den Inhalt der verlinkten Seite verantwortlich.<\/p>\n<p>URHEBERRECHTE, BILDMATERIAL &amp; NUTZUNGSBEDINGUNGEN<\/p>\n<p>Der Inhalt dieser Webseite ist urheberrechtlich gesch\u00fctzt. Bestimmte Inhalte k\u00f6nnen au\u00dferdem auch den Urheberrechts- und Nutzungsbedingungen von Lieferanten oder Partner unterliegen.<\/p>\n<p>Bildmaterial auf der Webseite:<\/p>\n<p>&#8211; Sohler Pascal | Solo Photo Media<\/p>\n<p>&#8211; Montafon Tourismus GmbH, Schruns: https:\/\/www.montafon.at\/2-Logos-Piktos\/1-Montafon\/image-thumb__6944__header-logo\/Montafon.png<\/p>\n<p>Der Inhalt und das Bildmaterial dieser Webseite darf nur mit ausdr\u00fccklicher Genehmigung auf anderen Webseiten bereitgestellt werden. Die auf dieser Webseite enthaltenen Angaben werden nach bestem Wissen erstellt und mit gro\u00dfer Sorgfalt auf ihre Richtigkeit \u00fcberpr\u00fcft.<\/p>\n<p>Die Richtigkeit der enthaltenen Angaben dieser Webseite wird sorgf\u00e4ltig \u00fcberpr\u00fcft und diese werden nach bestem Wissen erstellt.<\/p>\n<p>Nichtsdestotrotz k\u00f6nnen sachliche und inhaltliche Fehler nicht vollst\u00e4ndig ausgeschlossen werden. F\u00fcr die Richtigkeit, Vollst\u00e4ndigkeit &amp; Aktualit\u00e4t der bereitgestellten Informationen und Inhalte \u00fcbernehmen wir keinerlei Haftung und Garantie. Alle Angaben sind ohne Gew\u00e4hr. Dies gilt ebenso f\u00fcr alle Links zu anderen Web-Adressen (URLs), die auf dieser Website enthalten sind.<\/p>\n<p><span style=\"font-size: 18px;\"><\/span><\/p>\n<p>&nbsp;<\/p>[\/et_pb_text][\/et_pb_column][\/et_pb_row][\/et_pb_section]","protected":false},"excerpt":{"rendered":"<p>Impressum Pascal Sohler Untere Gosta 186,6793 Gaschurn,\u00d6sterreich Unternehmensgegenstand: Werbeagentur Umsatzsteuer-Identifikationsnummer: ATU77147357 Tel.: +43 664 9277152E-Mail: info@solophotomedia.at Mitgliedschaft bei der Wirtschaftkammerorganisation: Mitglied der Wirtschaftskammer Vorarlberg, Fachgruppe Werbung und Marktkommunikation Berufsrechtliche Vorschriften: Gewerbeordnung www.ris.nka.gv.at Aufsichtsbeh\u00f6rde\/Gewerbebeh\u00f6rde: Bezirkshauptmannschaft Bludenz Berufsbezeichnung, Verleihungsstaat: Werbeagentur, \u00d6sterreich Angaben zur Online-Streitbeilegung: Verbraucher haben die M\u00f6glichkeit,Beschwerden an die Online-Streitbeilegungsplattform der EU zu richten:http:\/\/ec.europa.eu\/odr. Pascal Sohler [&hellip;]<\/p>","protected":false},"author":1,"featured_media":0,"parent":0,"menu_order":0,"comment_status":"closed","ping_status":"closed","template":"","meta":{"_et_pb_use_builder":"on","_et_pb_old_content":"","_et_gb_content_width":"","_monsterinsights_skip_tracking":false,"_monsterinsights_sitenote_active":false,"_monsterinsights_sitenote_note":"","_monsterinsights_sitenote_category":0,"footnotes":""},"class_list":["post-4258","page","type-page","status-publish","hentry"],"_links":{"self":[{"href":"https:\/\/solophotomedia.at\/en\/wp-json\/wp\/v2\/pages\/4258","targetHints":{"allow":["GET"]}}],"collection":[{"href":"https:\/\/solophotomedia.at\/en\/wp-json\/wp\/v2\/pages"}],"about":[{"href":"https:\/\/solophotomedia.at\/en\/wp-json\/wp\/v2\/types\/page"}],"author":[{"embeddable":true,"href":"https:\/\/solophotomedia.at\/en\/wp-json\/wp\/v2\/users\/1"}],"replies":[{"embeddable":true,"href":"https:\/\/solophotomedia.at\/en\/wp-json\/wp\/v2\/comments?post=4258"}],"version-history":[{"count":0,"href":"https:\/\/solophotomedia.at\/en\/wp-json\/wp\/v2\/pages\/4258\/revisions"}],"wp:attachment":[{"href":"https:\/\/solophotomedia.at\/en\/wp-json\/wp\/v2\/media?parent=4258"}],"curies":[{"name":"wp","href":"https:\/\/api.w.org\/{rel}","templated":true}]}}