{"id":126,"date":"2021-01-26T19:08:38","date_gmt":"2021-01-26T18:08:38","guid":{"rendered":"https:\/\/solophotomedia.at\/?page_id=126"},"modified":"2021-07-13T12:47:51","modified_gmt":"2021-07-13T10:47:51","slug":"kontakt","status":"publish","type":"page","link":"https:\/\/solophotomedia.at\/en\/kontakt\/","title":{"rendered":"Kontakt"},"content":{"rendered":"<p>[et_pb_section fb_built=&#8220;1&#8243; admin_label=&#8220;Header&#8220; _builder_version=&#8220;3.22&#8243;][et_pb_row column_structure=&#8220;1_2,1_2&#8243; custom_padding_last_edited=&#8220;on|phone&#8220; _builder_version=&#8220;4.8.1&#8243; custom_padding_tablet=&#8220;&#8220; custom_padding_phone=&#8220;||0px||false|false&#8220; locked=&#8220;off&#8220;][et_pb_column type=&#8220;1_2&#8243; saved_specialty_column_type=&#8220;1_2&#8243; _builder_version=&#8220;3.25&#8243; custom_padding=&#8220;|||&#8220; parallax__hover=&#8220;off&#8220; parallax_method__hover=&#8220;on&#8220; custom_padding__hover=&#8220;|||&#8220;][et_pb_divider color=&#8220;#F89C51&#8243; divider_weight=&#8220;16px&#8220; _builder_version=&#8220;4.8.1&#8243; max_width=&#8220;48px&#8220; locked=&#8220;off&#8220;][\/et_pb_divider][et_pb_text _builder_version=&#8220;4.9.7&#8243; text_font=&#8220;||||||||&#8220; text_line_height=&#8220;2em&#8220; header_font=&#8220;Poppins|600|||||||&#8220; header_font_size=&#8220;50px&#8220; header_line_height=&#8220;1.3em&#8220; hover_enabled=&#8220;0&#8243; header_font_size_tablet=&#8220;30px&#8220; header_font_size_phone=&#8220;24px&#8220; header_font_size_last_edited=&#8220;on|desktop&#8220; sticky_enabled=&#8220;0&#8243;]<\/p>\n<h1>Ready to exceed your 2021 goals?<\/h1>\n<p>[\/et_pb_text][\/et_pb_column][et_pb_column type=&#8220;1_2&#8243; saved_specialty_column_type=&#8220;1_2&#8243; _builder_version=&#8220;3.25&#8243; custom_padding=&#8220;|||&#8220; parallax__hover=&#8220;off&#8220; parallax_method__hover=&#8220;on&#8220; custom_padding__hover=&#8220;|||&#8220;][\/et_pb_column][\/et_pb_row][\/et_pb_section][et_pb_section fb_built=&#8220;1&#8243; specialty=&#8220;on&#8220; admin_label=&#8220;Contact Info&#8220; _builder_version=&#8220;4.8.1&#8243; custom_padding=&#8220;0|0px|54px|0px|false|false&#8220;][et_pb_column type=&#8220;1_4&#8243; _builder_version=&#8220;3.25&#8243; custom_padding=&#8220;|||&#8220; parallax__hover=&#8220;off&#8220; parallax_method__hover=&#8220;on&#8220; custom_padding__hover=&#8220;|||&#8220;][et_pb_text _builder_version=&#8220;4.8.1&#8243; text_font=&#8220;||||||||&#8220; text_font_size=&#8220;13px&#8220; text_line_height=&#8220;1.4em&#8220; header_font=&#8220;||||||||&#8220; header_3_font=&#8220;Poppins|600||on|||||&#8220; header_3_font_size=&#8220;20px&#8220; header_3_letter_spacing=&#8220;1px&#8220; header_3_line_height=&#8220;1.6em&#8220; locked=&#8220;off&#8220;]<\/p>\n<h3>Solo Photo Media<\/h3>\n<p>Sohler Pascal<\/p>\n<p>Untere Gosta 186, 6793 Gaschurn, \u00d6sterreich<\/p>\n<p>[\/et_pb_text][et_pb_blurb title=&#8220;+43 664 9277152&#8243; url=&#8220;tel:00436649277152&#8243; use_icon=&#8220;on&#8220; font_icon=&#8220;%%104%%&#8220; icon_color=&#8220;#F89C51&#8243; icon_placement=&#8220;left&#8220; use_icon_font_size=&#8220;on&#8220; icon_font_size=&#8220;25px&#8220; _builder_version=&#8220;4.8.1&#8243; _module_preset=&#8220;default&#8220; link_option_url=&#8220;tel:00436649277152&#8243;][\/et_pb_blurb][et_pb_blurb title=&#8220;info@solophotomedia.at&#8220; url=&#8220;mailto:info@solophotomedia.at&#8220; use_icon=&#8220;on&#8220; font_icon=&#8220;%%109%%&#8220; icon_color=&#8220;#F89C51&#8243; icon_placement=&#8220;left&#8220; use_icon_font_size=&#8220;on&#8220; icon_font_size=&#8220;25px&#8220; _builder_version=&#8220;4.8.1&#8243; _module_preset=&#8220;default&#8220; link_option_url=&#8220;mailto:info@solophotomedia.at&#8220;][\/et_pb_blurb][et_pb_blurb title=&#8220;Videocall-Meeting vereinbaren&#8220; url=&#8220;#zoom&#8220; use_icon=&#8220;on&#8220; font_icon=&#8220;%%128%%&#8220; icon_color=&#8220;#F89C51&#8243; icon_placement=&#8220;left&#8220; use_icon_font_size=&#8220;on&#8220; icon_font_size=&#8220;25px&#8220; _builder_version=&#8220;4.8.1&#8243; _module_preset=&#8220;default&#8220; header_line_height=&#8220;1.3em&#8220; link_option_url=&#8220;#zoom&#8220;][\/et_pb_blurb][\/et_pb_column][et_pb_column type=&#8220;3_4&#8243; specialty_columns=&#8220;3&#8243; _builder_version=&#8220;3.25&#8243; custom_padding=&#8220;|||&#8220; parallax__hover=&#8220;off&#8220; parallax_method__hover=&#8220;on&#8220; custom_padding__hover=&#8220;|||&#8220;][et_pb_row_inner _builder_version=&#8220;3.25&#8243;][et_pb_column_inner saved_specialty_column_type=&#8220;3_4&#8243; _builder_version=&#8220;3.25&#8243; custom_padding=&#8220;|||&#8220; parallax__hover=&#8220;off&#8220; parallax_method__hover=&#8220;on&#8220; custom_padding__hover=&#8220;|||&#8220;][et_pb_text _builder_version=&#8220;4.9.7&#8243; text_font=&#8220;||||||||&#8220; text_font_size=&#8220;18px&#8220; text_line_height=&#8220;2em&#8220; link_font=&#8220;|600|||||||&#8220; link_text_color=&#8220;#F89C51&#8243; header_font=&#8220;Poppins|600|||||||&#8220; header_font_size=&#8220;40px&#8220; header_line_height=&#8220;1.3em&#8220; text_font_size_tablet=&#8220;16px&#8220; text_font_size_phone=&#8220;14px&#8220; text_font_size_last_edited=&#8220;on|phone&#8220; locked=&#8220;off&#8220;]<\/p>\n<p class=\"translation-block\">We are happy to be there for you personally, because your business is individual - just like our marketing. Contact us without obligation to review your marketing strategy and to develop new concepts together.<\/p>\n<p>If you want you can also schedule a <a href=\"#zoom\">free video call meeting<\/a> via <strong>Zoom<\/strong> in the calender below.<\/p>\n<p>Or just <a href=\"tel:00436649277152\">ring <\/a>through!<\/p>\n<p>&nbsp;<\/p>\n<p>[\/et_pb_text][\/et_pb_column_inner][\/et_pb_row_inner][et_pb_row_inner _builder_version=&#8220;3.25&#8243; custom_padding=&#8220;40px|40px|40px|40px|true|true&#8220; border_radii=&#8220;on|8px|8px|8px|8px&#8220; box_shadow_style=&#8220;preset1&#8243; box_shadow_vertical=&#8220;10px&#8220; box_shadow_blur=&#8220;60px&#8220; box_shadow_color=&#8220;rgba(39,39,52,0.06)&#8220;][et_pb_column_inner saved_specialty_column_type=&#8220;3_4&#8243; _builder_version=&#8220;3.25&#8243; custom_padding=&#8220;|||&#8220; parallax__hover=&#8220;off&#8220; parallax_method__hover=&#8220;on&#8220; custom_padding__hover=&#8220;|||&#8220;][et_pb_contact_form captcha=&#8220;off&#8220; email=&#8220;info@solophotomedia.at&#8220; success_message=&#8220;Vielen Dank, wir melden uns in K\u00fcrze!&#8220; submit_button_text=&#8220;Senden&#8220; _builder_version=&#8220;4.9.7&#8243; form_field_background_color=&#8220;#fafdff&#8220; form_field_font=&#8220;Poppins|500|||||||&#8220; form_field_font_size=&#8220;12px&#8220; custom_button=&#8220;on&#8220; button_text_size=&#8220;12px&#8220; button_text_color=&#8220;#FFFFFF&#8220; button_bg_color=&#8220;#F89C51&#8243; button_border_width=&#8220;10px&#8220; button_border_color=&#8220;rgba(0,0,0,0)&#8220; button_border_radius=&#8220;100px&#8220; button_letter_spacing=&#8220;1px&#8220; button_font=&#8220;Poppins|600||on|||||&#8220; button_icon=&#8220;%%190%%&#8220; button_on_hover=&#8220;off&#8220; form_field_font_size_tablet=&#8220;&#8220; form_field_font_size_phone=&#8220;14px&#8220; form_field_font_size_last_edited=&#8220;on|phone&#8220; border_width_all=&#8220;1px&#8220; border_color_all=&#8220;#e8f0f5&#8243; box_shadow_style_button=&#8220;preset3&#8243; box_shadow_vertical_button=&#8220;30px&#8220; box_shadow_blur_button=&#8220;40px&#8220; box_shadow_spread_button=&#8220;-16px&#8220; box_shadow_color_button=&#8220;rgba(28,165,255,0.24)&#8220; form_background_color=&#8220;#fafdff&#8220;][et_pb_contact_field field_id=&#8220;Name&#8220; field_title=&#8220;Name&#8220; _builder_version=&#8220;3.16&#8243; button_text_size__hover_enabled=&#8220;off&#8220; button_one_text_size__hover_enabled=&#8220;off&#8220; button_two_text_size__hover_enabled=&#8220;off&#8220; button_text_color__hover_enabled=&#8220;off&#8220; button_one_text_color__hover_enabled=&#8220;off&#8220; button_two_text_color__hover_enabled=&#8220;off&#8220; button_border_width__hover_enabled=&#8220;off&#8220; button_one_border_width__hover_enabled=&#8220;off&#8220; button_two_border_width__hover_enabled=&#8220;off&#8220; button_border_color__hover_enabled=&#8220;off&#8220; button_one_border_color__hover_enabled=&#8220;off&#8220; button_two_border_color__hover_enabled=&#8220;off&#8220; button_border_radius__hover_enabled=&#8220;off&#8220; button_one_border_radius__hover_enabled=&#8220;off&#8220; button_two_border_radius__hover_enabled=&#8220;off&#8220; button_letter_spacing__hover_enabled=&#8220;off&#8220; button_one_letter_spacing__hover_enabled=&#8220;off&#8220; button_two_letter_spacing__hover_enabled=&#8220;off&#8220; button_bg_color__hover_enabled=&#8220;off&#8220; button_one_bg_color__hover_enabled=&#8220;off&#8220; button_two_bg_color__hover_enabled=&#8220;off&#8220;][\/et_pb_contact_field][et_pb_contact_field field_id=&#8220;Email&#8220; field_title=&#8220;Email Adresse&#8220; field_type=&#8220;email&#8220; _builder_version=&#8220;4.8.1&#8243; button_text_size__hover_enabled=&#8220;off&#8220; button_one_text_size__hover_enabled=&#8220;off&#8220; button_two_text_size__hover_enabled=&#8220;off&#8220; button_text_color__hover_enabled=&#8220;off&#8220; button_one_text_color__hover_enabled=&#8220;off&#8220; button_two_text_color__hover_enabled=&#8220;off&#8220; button_border_width__hover_enabled=&#8220;off&#8220; button_one_border_width__hover_enabled=&#8220;off&#8220; button_two_border_width__hover_enabled=&#8220;off&#8220; button_border_color__hover_enabled=&#8220;off&#8220; button_one_border_color__hover_enabled=&#8220;off&#8220; button_two_border_color__hover_enabled=&#8220;off&#8220; button_border_radius__hover_enabled=&#8220;off&#8220; button_one_border_radius__hover_enabled=&#8220;off&#8220; button_two_border_radius__hover_enabled=&#8220;off&#8220; button_letter_spacing__hover_enabled=&#8220;off&#8220; button_one_letter_spacing__hover_enabled=&#8220;off&#8220; button_two_letter_spacing__hover_enabled=&#8220;off&#8220; button_bg_color__hover_enabled=&#8220;off&#8220; button_one_bg_color__hover_enabled=&#8220;off&#8220; button_two_bg_color__hover_enabled=&#8220;off&#8220;][\/et_pb_contact_field][et_pb_contact_field field_id=&#8220;Message&#8220; field_title=&#8220;Dein Anliegen&#8220; field_type=&#8220;text&#8220; fullwidth_field=&#8220;on&#8220; _builder_version=&#8220;4.9.7&#8243; button_text_size__hover_enabled=&#8220;off&#8220; button_one_text_size__hover_enabled=&#8220;off&#8220; button_two_text_size__hover_enabled=&#8220;off&#8220; button_text_color__hover_enabled=&#8220;off&#8220; button_one_text_color__hover_enabled=&#8220;off&#8220; button_two_text_color__hover_enabled=&#8220;off&#8220; button_border_width__hover_enabled=&#8220;off&#8220; button_one_border_width__hover_enabled=&#8220;off&#8220; button_two_border_width__hover_enabled=&#8220;off&#8220; button_border_color__hover_enabled=&#8220;off&#8220; button_one_border_color__hover_enabled=&#8220;off&#8220; button_two_border_color__hover_enabled=&#8220;off&#8220; button_border_radius__hover_enabled=&#8220;off&#8220; button_one_border_radius__hover_enabled=&#8220;off&#8220; button_two_border_radius__hover_enabled=&#8220;off&#8220; button_letter_spacing__hover_enabled=&#8220;off&#8220; button_one_letter_spacing__hover_enabled=&#8220;off&#8220; button_two_letter_spacing__hover_enabled=&#8220;off&#8220; button_bg_color__hover_enabled=&#8220;off&#8220; button_one_bg_color__hover_enabled=&#8220;off&#8220; button_two_bg_color__hover_enabled=&#8220;off&#8220;][\/et_pb_contact_field][\/et_pb_contact_form][\/et_pb_column_inner][\/et_pb_row_inner][\/et_pb_column][\/et_pb_section][et_pb_section fb_built=&#8220;1&#8243; admin_label=&#8220;Project Request&#8220; module_id=&#8220;zoom&#8220; _builder_version=&#8220;4.8.1&#8243; use_background_color_gradient=&#8220;on&#8220; background_color_gradient_start=&#8220;#f79442&#8243; background_color_gradient_end=&#8220;#f89c51&#8243; custom_margin=&#8220;|6vw||6vw||true&#8220; custom_padding=&#8220;|30px||30px||true&#8220; border_radii=&#8220;on|8px|8px|8px|8px&#8220; box_shadow_style=&#8220;preset3&#8243; box_shadow_vertical=&#8220;45px&#8220; box_shadow_blur=&#8220;135px&#8220; box_shadow_spread=&#8220;-45px&#8220; box_shadow_color=&#8220;#F89C51&#8243;][et_pb_row _builder_version=&#8220;4.8.2&#8243; _module_preset=&#8220;default&#8220; max_width_tablet=&#8220;&#8220; max_width_phone=&#8220;80%&#8220; max_width_last_edited=&#8220;on|phone&#8220; custom_margin_tablet=&#8220;&#8220; custom_margin_phone=&#8220;|22%|||false|false&#8220; custom_margin_last_edited=&#8220;on|phone&#8220;][et_pb_column type=&#8220;4_4&#8243; _builder_version=&#8220;4.8.1&#8243; _module_preset=&#8220;default&#8220;][et_pb_code _builder_version=&#8220;4.9.1&#8243; _module_preset=&#8220;default&#8220; max_width_tablet=&#8220;&#8220; max_width_phone=&#8220;100%&#8220; max_width_last_edited=&#8220;on|phone&#8220; border_color_all=&#8220;#F89C51&#8243;]<!-- Calendly Inline-Widget Beginn --><!-- [et_pb_line_break_holder] --><\/p>\n<div class=\"calendly-inline-widget\" data-url=\"https:\/\/calendly.com\/solophotomedia\/call?text_color=000000&#038;primary_color=f89c51\" style=\"min-width:320px;height:650px;\"><\/div>\n<p><!-- [et_pb_line_break_holder] --><script type=\"text\/javascript\" src=\"https:\/\/assets.calendly.com\/assets\/external\/widget.js\"><\/script><!-- [et_pb_line_break_holder] --><!-- Calendly Inline-Widget Ende -->[\/et_pb_code][\/et_pb_column][\/et_pb_row][\/et_pb_section][et_pb_section fb_built=&#8220;1&#8243; _builder_version=&#8220;3.22&#8243; custom_margin=&#8220;-2px|||||&#8220;][et_pb_row _builder_version=&#8220;3.25&#8243; locked=&#8220;off&#8220;][et_pb_column type=&#8220;4_4&#8243; _builder_version=&#8220;3.25&#8243; custom_padding=&#8220;|||&#8220; custom_padding__hover=&#8220;|||&#8220;][et_pb_text _builder_version=&#8220;3.27.4&#8243; text_font=&#8220;||||||||&#8220; text_line_height=&#8220;2em&#8220; header_font=&#8220;Poppins|600|||||||&#8220; header_font_size=&#8220;40px&#8220; header_line_height=&#8220;1.3em&#8220; header_2_font=&#8220;Poppins|600|||||||&#8220; header_2_font_size=&#8220;32px&#8220; header_2_line_height=&#8220;1.6em&#8220; text_orientation=&#8220;center&#8220; max_width=&#8220;700px&#8220; module_alignment=&#8220;center&#8220; header_2_font_size_tablet=&#8220;24px&#8220; header_2_font_size_phone=&#8220;18px&#8220; header_2_font_size_last_edited=&#8220;on|phone&#8220; locked=&#8220;off&#8220;]<\/p>\n<h2>Frequently Asked Questions<\/h2>\n<p>[\/et_pb_text][\/et_pb_column][\/et_pb_row][et_pb_row column_structure=&#8220;1_2,1_2&#8243; _builder_version=&#8220;4.8.1&#8243;][et_pb_column type=&#8220;1_2&#8243; _builder_version=&#8220;3.25&#8243; custom_padding=&#8220;|||&#8220; custom_padding__hover=&#8220;|||&#8220;][et_pb_toggle title=&#8220;Was ist Performance Marketing&#8220; open_toggle_background_color=&#8220;rgba(0,0,0,0)&#8220; closed_toggle_background_color=&#8220;rgba(0,0,0,0)&#8220; icon_color=&#8220;#F89C51&#8243; _builder_version=&#8220;4.8.1&#8243; title_font=&#8220;Poppins|600||on|||||&#8220; title_font_size=&#8220;12px&#8220; title_letter_spacing=&#8220;1px&#8220; title_line_height=&#8220;1.6em&#8220; body_font=&#8220;||||||||&#8220; body_line_height=&#8220;2em&#8220; custom_margin=&#8220;||0px&#8220; custom_padding=&#8220;30px||30px||true&#8220; border_width_all=&#8220;0px&#8220; border_color_all=&#8220;#f0f4fa&#8220; border_width_bottom=&#8220;1px&#8220;]<\/p>\n<p class=\"translation-block\">Performance marketing is the name of a marketing discipline in which the success of marketing campaigns is precisely measured and optimized on the basis of the results. This measurement of success allows continuous improvement of the campaign setup and increasingly efficient use of the advertising budget. Goal of the measures: Generate sales in the online store as cheaply as possible. The \"performance\" of your campaigns is measured according to the marketing strategy and the goals set by your company.<\/p>\n<p>[\/et_pb_toggle][et_pb_toggle title=&#8220;Kann mir Solo Photo Media \u00fcberhaupt helfen?&#8220; open_toggle_background_color=&#8220;rgba(0,0,0,0)&#8220; closed_toggle_background_color=&#8220;rgba(0,0,0,0)&#8220; icon_color=&#8220;#F89C51&#8243; _builder_version=&#8220;4.8.1&#8243; title_font=&#8220;Poppins|600||on|||||&#8220; title_font_size=&#8220;12px&#8220; title_letter_spacing=&#8220;1px&#8220; title_line_height=&#8220;1.6em&#8220; body_font=&#8220;||||||||&#8220; body_line_height=&#8220;2em&#8220; custom_margin=&#8220;||0px&#8220; custom_padding=&#8220;30px||30px||true&#8220; border_width_all=&#8220;0px&#8220; border_color_all=&#8220;#f0f4fa&#8220; border_width_bottom=&#8220;1px&#8220; locked=&#8220;off&#8220;]<\/p>\n<p class=\"translation-block\">For sure! The art of performance marketing is to be able to run profitable advertising campaigns in any industry. We dare to say that we can do it and that is why we are always happy to promote new Nich\u00e9n.<\/p>\n<p>[\/et_pb_toggle][et_pb_toggle title=&#8220;Mein Shop ist relativ neu &#038; hat wenig Reichweite. Ist es zu fr\u00fch f\u00fcr Performance Marketing?&#8220; open_toggle_background_color=&#8220;rgba(0,0,0,0)&#8220; closed_toggle_background_color=&#8220;rgba(0,0,0,0)&#8220; icon_color=&#8220;#F89C51&#8243; _builder_version=&#8220;4.8.1&#8243; title_font=&#8220;Poppins|600||on|||||&#8220; title_font_size=&#8220;12px&#8220; title_letter_spacing=&#8220;1px&#8220; title_line_height=&#8220;1.6em&#8220; body_font=&#8220;||||||||&#8220; body_line_height=&#8220;2em&#8220; custom_margin=&#8220;||0px&#8220; custom_padding=&#8220;30px||30px||true&#8220; border_width_all=&#8220;0px&#8220; border_color_all=&#8220;#f0f4fa&#8220; border_width_bottom=&#8220;1px&#8220;]<\/p>\n<p class=\"translation-block\">Absolutely not! Recent cases of clients confirm that there is no better traffic channel for fresh e-commerce stores than Social Media Performance Marketing! For two reasons:\n\n1. no other traffic channel can deliver such favorable results through such precise audience targeting. This means that extremely lucrative results can be achieved with comparably very tiny budgets.\n\n2. No need for expensive setup fees, analytics programs or external bells and whistles. Facebook + your trusted store system is all you need to successfully launch an e-commerce store.\n\nTranslated with www.DeepL.com\/Translator (free version)<\/p>\n<p>1. Kein anderer Traffic-Kanal kann durch so <strong>pr\u00e4zises Zielgruppentargeting<\/strong> derart <strong>g\u00fcnstige Ergebnisse<\/strong> liefern. Das hei\u00dft, dass mit vergleichbar <strong>sehr winzigen Budgets<\/strong> extrem <strong>lukrative Ergebnisse<\/strong> erzielt werden k\u00f6nnen.<\/p>\n<p>2. Bedarf es <strong>keinen<\/strong> teuren Setup-Geb\u00fchren, Analyseprogrammen oder externem Schnick-Schnack. <strong>Facebook + dein Shopsystem<\/strong> des Vertrauens ist alles, was du brauchst, um erfolgreich einen E-Commerce Store aufzuziehen.<\/p>\n<p>[\/et_pb_toggle][et_pb_toggle title=&#8220;Mit was f\u00fcr einem Werbebudget muss ich rechnen?&#8220; open_toggle_background_color=&#8220;rgba(0,0,0,0)&#8220; closed_toggle_background_color=&#8220;rgba(0,0,0,0)&#8220; icon_color=&#8220;#F89C51&#8243; _builder_version=&#8220;4.8.1&#8243; title_font=&#8220;Poppins|600||on|||||&#8220; title_font_size=&#8220;12px&#8220; title_letter_spacing=&#8220;1px&#8220; title_line_height=&#8220;1.6em&#8220; body_font=&#8220;||||||||&#8220; body_line_height=&#8220;2em&#8220; custom_margin=&#8220;||0px&#8220; custom_padding=&#8220;30px||30px||true&#8220; border_width_all=&#8220;0px&#8220; border_color_all=&#8220;#f0f4fa&#8220; border_width_bottom=&#8220;1px&#8220;]<\/p>\n<p>This is completely individual. In industries such as restaurant &amp; catering, we have already run successful campaigns for $ 15\/day. In the e-commerce sector, extremely pleasing results can be achieved with a daily budget of $ 100.\n\nHowever, a precise statement can only be made once the product or service has been analyzed.<\/p>\n<p>Eine genau Aussage l\u00e4sst sich jedoch erst treffen, wenn man das Produkt bzw. die Dienstleistung analysiert hat.<\/p>\n<p>[\/et_pb_toggle][\/et_pb_column][et_pb_column type=&#8220;1_2&#8243; _builder_version=&#8220;3.25&#8243; custom_padding=&#8220;|||&#8220; custom_padding__hover=&#8220;|||&#8220;][et_pb_toggle title=&#8220;Warum Performance Marketing \u00fcber Facebook &#038; Instagram?&#8220; open_toggle_background_color=&#8220;rgba(0,0,0,0)&#8220; closed_toggle_background_color=&#8220;rgba(0,0,0,0)&#8220; icon_color=&#8220;#F89C51&#8243; _builder_version=&#8220;4.8.1&#8243; title_font=&#8220;Poppins|600||on|||||&#8220; title_font_size=&#8220;12px&#8220; title_letter_spacing=&#8220;1px&#8220; title_line_height=&#8220;1.6em&#8220; body_font=&#8220;||||||||&#8220; body_line_height=&#8220;2em&#8220; custom_margin=&#8220;||0px&#8220; custom_padding=&#8220;30px||30px||true&#8220; border_width_all=&#8220;0px&#8220; border_color_all=&#8220;#f0f4fa&#8220; border_width_bottom=&#8220;1px&#8220; locked=&#8220;off&#8220;]<\/p>\n<p class=\"translation-block\">The numbers speak for themselves: 68% of German online users said they had already become aware of a product via social media. In total, 32 million people in Germany alone use Facebook and 25 million Instagram.<\/p>\n<p>[\/et_pb_toggle][et_pb_toggle title=&#8220;Fotografiert\/filmt ihr nur im Zusammenhang mit Werbeanzeigen?&#8220; open_toggle_background_color=&#8220;rgba(0,0,0,0)&#8220; closed_toggle_background_color=&#8220;rgba(0,0,0,0)&#8220; icon_color=&#8220;#F89C51&#8243; _builder_version=&#8220;4.8.1&#8243; title_font=&#8220;Poppins|600||on|||||&#8220; title_font_size=&#8220;12px&#8220; title_letter_spacing=&#8220;1px&#8220; title_line_height=&#8220;1.6em&#8220; body_font=&#8220;||||||||&#8220; body_line_height=&#8220;2em&#8220; custom_margin=&#8220;||0px&#8220; custom_padding=&#8220;30px||30px||true&#8220; border_width_all=&#8220;0px&#8220; border_color_all=&#8220;#f0f4fa&#8220; border_width_bottom=&#8220;1px&#8220;]<\/p>\n<p class=\"translation-block\">No. Our agency Solo Photo Media is based on film &amp; photography and we are always happy when we get people, architecture, products and everything else in front of the lens.<\/p>\n<p>[\/et_pb_toggle][et_pb_toggle title=&#8220;Woher wissen wir, ob ihr &#8218;was auf dem Kasten habt?!&#8220; open_toggle_background_color=&#8220;rgba(0,0,0,0)&#8220; closed_toggle_background_color=&#8220;rgba(0,0,0,0)&#8220; icon_color=&#8220;#F89C51&#8243; _builder_version=&#8220;4.9.7&#8243; title_font=&#8220;Poppins|600||on|||||&#8220; title_font_size=&#8220;12px&#8220; title_letter_spacing=&#8220;1px&#8220; title_line_height=&#8220;1.6em&#8220; body_font=&#8220;||||||||&#8220; body_line_height=&#8220;2em&#8220; custom_margin=&#8220;||0px&#8220; custom_padding=&#8220;30px||30px||true&#8220; border_width_all=&#8220;0px&#8220; border_color_all=&#8220;#f0f4fa&#8220; border_width_bottom=&#8220;1px&#8220; locked=&#8220;off&#8220;]<\/p>\n<p class=\"translation-block\">Certification or not, if the performance is not right in the end, the certification is useless!<\/p>\n<p class=\"translation-block\">That's why we are proud that we are able to learn and optimize through our terrific customers with every euro invested. Especially in performance marketing, practical experience is the be-all and end-all, and we have been able to gather plenty of it over the past few years.<\/p>\n<p class=\"translation-block\">In addition, we spare no expense &amp; effort in our training, which is why we rely on the expertise of one of the largest performance marketing agencies in the DACH region, ADBAKER. Leading brands like Porsche, Ravensburger &amp; Lacoste entrust them with their budgets.<\/p>\n<p>[\/et_pb_toggle][\/et_pb_column][\/et_pb_row][\/et_pb_section]<\/p>","protected":false},"excerpt":{"rendered":"<p>Bereit deine Ziele 2021 zu \u00fcbertreffen?Solo Photo Media Sohler Pascal Untere Gosta 186, 6793 Gaschurn, \u00d6sterreichWir sind gerne pers\u00f6nlich f\u00fcr dich da, denn dein Business ist individuell \u2013 So wie unser Marketing. Kontaktiere uns ganz unverbindlich, um deine Marketingstrategie zu durchleuchten und um im Anschluss gemeinsam neue Konzepte zu entwickeln. Wenn du willst, kannst du [&hellip;]<\/p>","protected":false},"author":1,"featured_media":0,"parent":0,"menu_order":0,"comment_status":"closed","ping_status":"closed","template":"","meta":{"_et_pb_use_builder":"on","_et_pb_old_content":"","_et_gb_content_width":"","_monsterinsights_skip_tracking":false,"_monsterinsights_sitenote_active":false,"_monsterinsights_sitenote_note":"","_monsterinsights_sitenote_category":0,"footnotes":""},"class_list":["post-126","page","type-page","status-publish","hentry"],"_links":{"self":[{"href":"https:\/\/solophotomedia.at\/en\/wp-json\/wp\/v2\/pages\/126","targetHints":{"allow":["GET"]}}],"collection":[{"href":"https:\/\/solophotomedia.at\/en\/wp-json\/wp\/v2\/pages"}],"about":[{"href":"https:\/\/solophotomedia.at\/en\/wp-json\/wp\/v2\/types\/page"}],"author":[{"embeddable":true,"href":"https:\/\/solophotomedia.at\/en\/wp-json\/wp\/v2\/users\/1"}],"replies":[{"embeddable":true,"href":"https:\/\/solophotomedia.at\/en\/wp-json\/wp\/v2\/comments?post=126"}],"version-history":[{"count":0,"href":"https:\/\/solophotomedia.at\/en\/wp-json\/wp\/v2\/pages\/126\/revisions"}],"wp:attachment":[{"href":"https:\/\/solophotomedia.at\/en\/wp-json\/wp\/v2\/media?parent=126"}],"curies":[{"name":"wp","href":"https:\/\/api.w.org\/{rel}","templated":true}]}}